{"id":5260,"date":"2025-09-24T22:01:06","date_gmt":"2025-09-24T20:01:06","guid":{"rendered":"https:\/\/fotowerkgroepommoord.nl\/wp4\/?page_id=5260"},"modified":"2025-09-24T22:01:06","modified_gmt":"2025-09-24T20:01:06","slug":"wedstrijdregelement","status":"publish","type":"page","link":"https:\/\/fotowerkgroepommoord.nl\/wp4\/wedstrijdregelement\/","title":{"rendered":"Wedstrijdregelement"},"content":{"rendered":"\n<p><\/p>\n\n\n\n<h3 class=\"wp-block-heading\">Reglement voor wedstrijden &#8216;Foto van de Maand&#8217; van de Foto Werkgroep Ommoord<\/h3>\n\n\n\n<p>Ingang van dit reglement: september 2016<\/p>\n\n\n\n<ol class=\"wp-block-list\">\n<li>Iedere deelnemer aan een wedstrijd mag maximaal 1 foto indienen. De foto moet voldoen aan een minimaal formaat van 10 x 10 cm. De foto wordt in passe-partout ingediend. Het formaat van de passe-partout is 40 x 50 cm.<br>De technische commissie kan bepalen dat een tweede foto is toegestaan ingeval er onvoldoende deelnemend efoto&#8217;s zijn.<\/li>\n\n\n\n<li>De deelnemer aan een wedstrijd bepaalt zelf of een foto zal deelnemen aan de zaal\u00adju\u00adrering of aan de technische jurering. Een foto kan slechts voor \u00e9\u00e9n van beide vormen van jurering worden aangeboden.<\/li>\n\n\n\n<li>Het is toegestaan om alleen te kiezen voor zaaljurering of technische jurering ingeval een tweede foto mag deelnemen.<br>Dus:<br>Iedere deelnemer biedt \u00e9\u00e9n foto aan en heeft de volgende keuzemogelijkheden:<br>&#8211; of deze foto aanbieden en kiezen tussen zaaljurering of technische jurering;<br>&#8211; of deze foto twee keer laten afdrukken en aanbieden voor beide vormen van jurering; een tweede (andere) foto is dan niet toegestaan.<br>(Deze laatste optie is bedoeld voor leden die van mening zijn dat ze een\u00a0 foto hebben waarvoor ze graag de score van zowel zaal als Technische Commissie willen horen. Het is niet de bedoeling hiervan vaak gebruik te maken omdat er dan twee wedstrijden naast elkaar ontstaan met veel dezelfde foto\u2019s. In principe moeten foto\u2019s slechts binnen \u00e9\u00e9n jurering vallen. Maar het is toegestaan.)<br>In de situaties dat de Technische Commissie een tweede foto toestaat:<br>Iedere deelnemer die twee verschillende foto\u2019s wil aanbieden heeft de volgende keuze\u00admogelijkheden:<br>&#8211; of \u00e9\u00e9n foto aanbieden voor zaaljurering en \u00e9\u00e9n foto aanbieden voor technische jurering;<br>&#8211; of twee foto\u2019s aanbieden aan zaaljurering;<br>&#8211; of twee foto\u2019s aanbieden aan technische jurering;<\/li>\n\n\n\n<li>De foto\u2019s worden bij het aanbieden ingedeeld in \u201czaaljury\u201d en \u201ctechnische jury\u201d. Er wordt een nummerset gebruikt voor zaaljurering en er is g\u00e9\u00e9n nummerset voor technische jurering.<\/li>\n\n\n\n<li>De technische jurering zal door de Technische Commissie plaatsvinden. De Technische Commissie bepaalt uit de aangeboden fotoselectie voor de technische jurering de \u201ctechnische top 3\u201d. De Technische Commissie mag bij uitzondering ook een vierde foto (gedeelde derde plaats) aanwijzen.<\/li>\n\n\n\n<li>De zaaljurering zal collectief plaatsvinden met scorestrookjes voor de aangeboden foto\u00adselectie voor zaaljurering. Er zal door iedereen die wil jureren een scorestrookje wor\u00adden ingevuld voor maximaal 5 foto\u2019s met een score van 1 t\/m 5 punten. Ieder punt wordt slechts eenmaal toegekend (het bekende systeem). Punten toekennen aan eigen foto\u2019s is niet toegestaan en leidt tot diskwalificatie.<\/li>\n\n\n\n<li>De zaaljurering wordt op naam gedaan (niet meer anoniem). Op ieder ingeleverd sco\u00adrestrookje wordt de naam vermeld. De strookjes op naam worden gebruikt om tijdens de bespreking van de foto\u2019s meer interactie met de zaal te bereiken. De Tech\u00adnische Commissie zal willekeurig een aantal strookjes bij de bespreking gebruiken om te ana\u00adlyseren hoe een deelnemer tot zijn\/haar beoordeling is gekomen.<\/li>\n\n\n\n<li>De zaaljurering zal een \u201czaal top 3\u201d opleveren, voor de drie foto\u2019s met de meeste pun\u00adten.<\/li>\n\n\n\n<li>De Technische Commissie zal alle foto\u2019s bespreken (dus zowel voor de zaalselectie als voor de technische selectie). Daarbij wordt eerst de uitslag van de zaaljurering bespro\u00adken en daarna de uitslag van de technische jurering.<\/li>\n\n\n\n<li>De Technische Commissie wordt door \u00e9\u00e9n van de leden geassisteerd bij het verwerken van de scorestrookjes in het rekenprogramma. Zodat de Technische Commissie vol\u00addoende tijd heeft voor de technische jurering.<\/li>\n\n\n\n<li>Op de website worden beide uitslagen opgenomen.<\/li>\n<\/ol>\n","protected":false},"excerpt":{"rendered":"<p>Reglement voor wedstrijden &#8216;Foto van de Maand&#8217; van de Foto Werkgroep Ommoord Ingang van dit reglement: september 2016<\/p>\n","protected":false},"author":3,"featured_media":0,"parent":0,"menu_order":0,"comment_status":"closed","ping_status":"closed","template":"","meta":{"_EventAllDay":false,"_EventTimezone":"","_EventStartDate":"","_EventEndDate":"","_EventStartDateUTC":"","_EventEndDateUTC":"","_EventShowMap":false,"_EventShowMapLink":false,"_EventURL":"","_EventCost":"","_EventCostDescription":"","_EventCurrencySymbol":"","_EventCurrencyCode":"","_EventCurrencyPosition":"","_EventDateTimeSeparator":"","_EventTimeRangeSeparator":"","_EventOrganizerID":[],"_EventVenueID":[],"_OrganizerEmail":"","_OrganizerPhone":"","_OrganizerWebsite":"","_VenueAddress":"","_VenueCity":"","_VenueCountry":"","_VenueProvince":"","_VenueState":"","_VenueZip":"","_VenuePhone":"","_VenueURL":"","_VenueStateProvince":"","_VenueLat":"","_VenueLng":"","_VenueShowMap":false,"_VenueShowMapLink":false,"footnotes":""},"class_list":["post-5260","page","type-page","status-publish","hentry"],"_links":{"self":[{"href":"https:\/\/fotowerkgroepommoord.nl\/wp4\/wp-json\/wp\/v2\/pages\/5260","targetHints":{"allow":["GET"]}}],"collection":[{"href":"https:\/\/fotowerkgroepommoord.nl\/wp4\/wp-json\/wp\/v2\/pages"}],"about":[{"href":"https:\/\/fotowerkgroepommoord.nl\/wp4\/wp-json\/wp\/v2\/types\/page"}],"author":[{"embeddable":true,"href":"https:\/\/fotowerkgroepommoord.nl\/wp4\/wp-json\/wp\/v2\/users\/3"}],"replies":[{"embeddable":true,"href":"https:\/\/fotowerkgroepommoord.nl\/wp4\/wp-json\/wp\/v2\/comments?post=5260"}],"version-history":[{"count":1,"href":"https:\/\/fotowerkgroepommoord.nl\/wp4\/wp-json\/wp\/v2\/pages\/5260\/revisions"}],"predecessor-version":[{"id":5261,"href":"https:\/\/fotowerkgroepommoord.nl\/wp4\/wp-json\/wp\/v2\/pages\/5260\/revisions\/5261"}],"wp:attachment":[{"href":"https:\/\/fotowerkgroepommoord.nl\/wp4\/wp-json\/wp\/v2\/media?parent=5260"}],"curies":[{"name":"wp","href":"https:\/\/api.w.org\/{rel}","templated":true}]}}